{"id":9,"date":"2014-09-29T09:39:57","date_gmt":"2014-09-29T07:39:57","guid":{"rendered":"http:\/\/www.ubytovaniefatra.sk\/cs\/?page_id=9"},"modified":"2014-09-29T09:39:57","modified_gmt":"2014-09-29T07:39:57","slug":"platobni-podminky-apartmanu-bellis","status":"publish","type":"page","link":"https:\/\/www.ubytovaniefatra.sk\/cs\/platobni-podminky-apartmanu-bellis\/","title":{"rendered":"Platobn\u00ed podm\u00ednky Apartm\u00e1nu BELLIS"},"content":{"rendered":"<h2>1. Platobn\u00e9 podmienky<\/h2>\n<p>&nbsp;<\/p>\n<p>Na potvrdenie z\u00e1v\u00e4znej rezerv\u00e1cie je potrebn\u00e9 zaplati\u0165 50 % z celkovej sumy pobytu (z\u00e1loha), pr\u00edpadne celej sumy do 5 dn\u00ed od potvrdenia rezerv\u00e1cie. Rezerv\u00e1cia V\u00e1m bude potrvrden\u00e1 elektronicky. Doplatok mus\u00ed by\u0165 uhraden\u00fd ( suma prip\u00edsan\u00e1 na n\u00e1\u0161 \u00fa\u010det ) najnesk\u00f4r 30 dn\u00ed pred n\u00e1stupom na pobyt.<\/p>\n<p>&nbsp;<\/p>\n<p><strong>Platbu je mo\u017en\u00e9 realizova\u0165:<\/strong><\/p>\n<ul>\n<li>bankov\u00fdm prevodom na \u00fa\u010det : Tatrabanka, \u010d. \u00fa\u010dtu 262 821 0467 \/1100 k\u00f3d banky, swift, iban<\/li>\n<li>po\u0161tovou pouk\u00e1\u017ekou<\/li>\n<\/ul>\n<p>Potvrdenie o preveden\u00ed platby n\u00e1m, pros\u00edm po\u0161lite emailom na adresu bellis@ubytovaniefatra.sk<\/p>\n<p>&nbsp;<\/p>\n<ul>\n<li>ak z\u00e1kazn\u00edk neuhrad\u00ed z\u00e1lohu, pr\u00edpadne cel\u00fa platbu v stanovenom term\u00edne, rezerv\u00e1cia sa automaticky ru\u0161\u00ed.<\/li>\n<\/ul>\n<h2 lang=\"sk-SK\">2. Stormo podmienky<\/h2>\n<p lang=\"sk-SK\">Storno poplatky<\/p>\n<ul>\n<li>20 % z ceny pobytu pri zru\u0161en\u00ed rezerv\u00e1cie 30-21 dn\u00ed pred n\u00e1stupom na pobyt<\/li>\n<li lang=\"sk-SK\">50 % z ceny pobytu pri zru\u0161en\u00ed rezerv\u00e1cie \u2013 5 dn\u00ed pred n\u00e1stupom na pobyt<\/li>\n<li lang=\"sk-SK\">75 % z ceny pobytu pri zru\u0161en\u00ed rezerv\u00e1cie 4 a menej dn\u00ed pred n\u00e1stupom na pobyt<\/li>\n<\/ul>\n<p lang=\"sk-SK\">So stornovanou kapacitou m\u00f4\u017ee majite\u013e vo\u013ene disponova\u0165.<\/p>\n<h2 lang=\"sk-SK\">3. N\u00e1stup a realiz\u00e1cia pobytu<\/h2>\n<p lang=\"sk-SK\">Po zaplaten\u00ed plnej ceny pobytu bude z\u00e1kazn\u00edkovi zaslan\u00e9 elektronicky potvrdenie. N\u00e1stup na pobyt je najnesk\u00f4r do 18.00. Ak hos\u0165 nenast\u00fapi do tohto \u010dasu a nedohodol sa inak, ubytovate\u013e si vyhradzuje pr\u00e1vo pon\u00faknu\u0165 apartm\u00e1n in\u00fdm hos\u0165om. V de\u0148 odchodu je nutn\u00e9 apartm\u00e1n uvo\u013eni\u0165 do 10.00 hod. Pri n\u00e1stupe na pobyt sa na recepcii plat\u00ed kaucia vo v\u00fd\u0161ke 50 Eur, alebo ekvivalent v inej mene. Po ukon\u010den\u00ed pobytu a nezisten\u00ed \u017eiadnych z\u00e1vad na ubytovacom zariaden\u00ed zapr\u00ed\u010dinen\u00fdch z\u00e1kazn\u00edkom sa kaucia vracia.<\/p>\n","protected":false},"excerpt":{"rendered":"<p>1. Platobn\u00e9 podmienky &nbsp; Na potvrdenie z\u00e1v\u00e4znej rezerv\u00e1cie je potrebn\u00e9 zaplati\u0165 50 % z celkovej sumy pobytu (z\u00e1loha), pr\u00edpadne celej sumy do 5 dn\u00ed od potvrdenia rezerv\u00e1cie. Rezerv\u00e1cia V\u00e1m bude potrvrden\u00e1 elektronicky. Doplatok mus\u00ed by\u0165 uhraden\u00fd ( suma prip\u00edsan\u00e1 na n\u00e1\u0161 \u00fa\u010det ) najnesk\u00f4r 30 dn\u00ed pred n\u00e1stupom na pobyt. &nbsp; Platbu je mo\u017en\u00e9 realizova\u0165: [&hellip;]<\/p>\n","protected":false},"author":1,"featured_media":0,"parent":0,"menu_order":0,"comment_status":"closed","ping_status":"closed","template":"","meta":{"ngg_post_thumbnail":0},"yoast_head":"<!-- This site is optimized with the Yoast SEO plugin v15.9 - https:\/\/yoast.com\/wordpress\/plugins\/seo\/ -->\n<meta name=\"robots\" content=\"index, follow, max-snippet:-1, max-image-preview:large, max-video-preview:-1\" \/>\n<link rel=\"canonical\" href=\"https:\/\/www.ubytovaniefatra.sk\/cs\/platobni-podminky-apartmanu-bellis\/\" \/>\n<meta property=\"og:locale\" content=\"sk_SK\" \/>\n<meta property=\"og:type\" content=\"article\" \/>\n<meta property=\"og:title\" content=\"Platobn\u00ed podm\u00ednky Apartm\u00e1nu BELLIS - Apartm\u00e1n Bellis\" \/>\n<meta property=\"og:description\" content=\"1. Platobn\u00e9 podmienky &nbsp; Na potvrdenie z\u00e1v\u00e4znej rezerv\u00e1cie je potrebn\u00e9 zaplati\u0165 50 % z celkovej sumy pobytu (z\u00e1loha), pr\u00edpadne celej sumy do 5 dn\u00ed od potvrdenia rezerv\u00e1cie. Rezerv\u00e1cia V\u00e1m bude potrvrden\u00e1 elektronicky. Doplatok mus\u00ed by\u0165 uhraden\u00fd ( suma prip\u00edsan\u00e1 na n\u00e1\u0161 \u00fa\u010det ) najnesk\u00f4r 30 dn\u00ed pred n\u00e1stupom na pobyt. &nbsp; Platbu je mo\u017en\u00e9 realizova\u0165: [&hellip;]\" \/>\n<meta property=\"og:url\" content=\"https:\/\/www.ubytovaniefatra.sk\/cs\/platobni-podminky-apartmanu-bellis\/\" \/>\n<meta property=\"og:site_name\" content=\"Apartm\u00e1n Bellis\" \/>\n<meta name=\"twitter:label1\" content=\"Predpokladan\u00fd \u010das \u010d\u00edtania\">\n\t<meta name=\"twitter:data1\" content=\"1 min\u00fata\">\n<script type=\"application\/ld+json\" class=\"yoast-schema-graph\">{\"@context\":\"https:\/\/schema.org\",\"@graph\":[{\"@type\":\"WebSite\",\"@id\":\"https:\/\/www.ubytovaniefatra.sk\/cs\/#website\",\"url\":\"https:\/\/www.ubytovaniefatra.sk\/cs\/\",\"name\":\"Apartm\\u00e1n Bellis\",\"description\":\"\",\"potentialAction\":[{\"@type\":\"SearchAction\",\"target\":\"https:\/\/www.ubytovaniefatra.sk\/cs\/?s={search_term_string}\",\"query-input\":\"required name=search_term_string\"}],\"inLanguage\":\"sk-SK\"},{\"@type\":\"WebPage\",\"@id\":\"https:\/\/www.ubytovaniefatra.sk\/cs\/platobni-podminky-apartmanu-bellis\/#webpage\",\"url\":\"https:\/\/www.ubytovaniefatra.sk\/cs\/platobni-podminky-apartmanu-bellis\/\",\"name\":\"Platobn\\u00ed podm\\u00ednky Apartm\\u00e1nu BELLIS - Apartm\\u00e1n Bellis\",\"isPartOf\":{\"@id\":\"https:\/\/www.ubytovaniefatra.sk\/cs\/#website\"},\"datePublished\":\"2014-09-29T07:39:57+00:00\",\"dateModified\":\"2014-09-29T07:39:57+00:00\",\"breadcrumb\":{\"@id\":\"https:\/\/www.ubytovaniefatra.sk\/cs\/platobni-podminky-apartmanu-bellis\/#breadcrumb\"},\"inLanguage\":\"sk-SK\",\"potentialAction\":[{\"@type\":\"ReadAction\",\"target\":[\"https:\/\/www.ubytovaniefatra.sk\/cs\/platobni-podminky-apartmanu-bellis\/\"]}]},{\"@type\":\"BreadcrumbList\",\"@id\":\"https:\/\/www.ubytovaniefatra.sk\/cs\/platobni-podminky-apartmanu-bellis\/#breadcrumb\",\"itemListElement\":[{\"@type\":\"ListItem\",\"position\":1,\"item\":{\"@type\":\"WebPage\",\"@id\":\"https:\/\/www.ubytovaniefatra.sk\/cs\/\",\"url\":\"https:\/\/www.ubytovaniefatra.sk\/cs\/\",\"name\":\"\\u00davodn\\u00ed str\\u00e1nka\"}},{\"@type\":\"ListItem\",\"position\":2,\"item\":{\"@type\":\"WebPage\",\"@id\":\"https:\/\/www.ubytovaniefatra.sk\/cs\/platobni-podminky-apartmanu-bellis\/\",\"url\":\"https:\/\/www.ubytovaniefatra.sk\/cs\/platobni-podminky-apartmanu-bellis\/\",\"name\":\"Platobn\\u00ed podm\\u00ednky Apartm\\u00e1nu BELLIS\"}}]}]}<\/script>\n<!-- \/ Yoast SEO plugin. -->","_links":{"self":[{"href":"https:\/\/www.ubytovaniefatra.sk\/cs\/wp-json\/wp\/v2\/pages\/9"}],"collection":[{"href":"https:\/\/www.ubytovaniefatra.sk\/cs\/wp-json\/wp\/v2\/pages"}],"about":[{"href":"https:\/\/www.ubytovaniefatra.sk\/cs\/wp-json\/wp\/v2\/types\/page"}],"author":[{"embeddable":true,"href":"https:\/\/www.ubytovaniefatra.sk\/cs\/wp-json\/wp\/v2\/users\/1"}],"replies":[{"embeddable":true,"href":"https:\/\/www.ubytovaniefatra.sk\/cs\/wp-json\/wp\/v2\/comments?post=9"}],"version-history":[{"count":1,"href":"https:\/\/www.ubytovaniefatra.sk\/cs\/wp-json\/wp\/v2\/pages\/9\/revisions"}],"predecessor-version":[{"id":10,"href":"https:\/\/www.ubytovaniefatra.sk\/cs\/wp-json\/wp\/v2\/pages\/9\/revisions\/10"}],"wp:attachment":[{"href":"https:\/\/www.ubytovaniefatra.sk\/cs\/wp-json\/wp\/v2\/media?parent=9"}],"curies":[{"name":"wp","href":"https:\/\/api.w.org\/{rel}","templated":true}]}}