{"id":10,"date":"2014-09-29T09:58:00","date_gmt":"2014-09-29T07:58:00","guid":{"rendered":"http:\/\/www.ubytovaniefatra.sk\/en\/?page_id=10"},"modified":"2014-09-29T12:17:52","modified_gmt":"2014-09-29T10:17:52","slug":"contact-location","status":"publish","type":"page","link":"https:\/\/www.ubytovaniefatra.sk\/en\/contact-location\/","title":{"rendered":"Contact and Location"},"content":{"rendered":"<p><strong>Gabriela Erd\u0151sov\u00e1<br \/>\n<\/strong><\/p>\n<p><strong>Telephone: <\/strong>+421 904 465 597<br \/>\n<strong>E-mail:<\/strong> bellis@ubytovaniefatra.sk<\/p>\n<p><strong>Address: <\/strong><br \/>\nHrabovsk\u00e1 dolina 3280\/18<br \/>\n034 01 Ru\u017eomberok<br \/>\nSlovakia<\/p>\n<p><strong>GPS: <\/strong><br \/>\nLatitude: 49\u00b0 4&#8242; 12.72&#8243; N<br \/>\nLlongtitude: 19\u00b0 16&#8242; 15.96&#8243; E<\/p>\n<p><iframe src=\"https:\/\/maps.google.sk\/maps?f=q&amp;source=s_q&amp;hl=sk&amp;geocode=&amp;q=Apartm%C3%A1n+Bellis,+Ru%C5%BEomberok&amp;aq=0&amp;oq=apartm%C3%A1n+Belli&amp;sll=48.135866,17.115917&amp;sspn=0.36247,0.617294&amp;t=m&amp;ie=UTF8&amp;hq=Apartm%C3%A1n+Bellis,&amp;hnear=Ru%C5%BEomberok&amp;ll=49.077914,19.270449&amp;spn=0.022489,0.049353&amp;z=14&amp;iwloc=A&amp;output=embed\" width=\"575\" height=\"400\" frameborder=\"0\" marginwidth=\"0\" marginheight=\"0\" scrolling=\"no\"><\/iframe><br \/>\n<small><\/small><\/p>\n","protected":false},"excerpt":{"rendered":"<p>Gabriela Erd\u0151sov\u00e1 Telephone: +421 904 465 597 E-mail: bellis@ubytovaniefatra.sk Address: Hrabovsk\u00e1 dolina 3280\/18 034 01 Ru\u017eomberok Slovakia GPS: Latitude: 49\u00b0 4&#8242; 12.72&#8243; N Llongtitude: 19\u00b0 16&#8242; 15.96&#8243; E<\/p>\n","protected":false},"author":1,"featured_media":0,"parent":0,"menu_order":0,"comment_status":"closed","ping_status":"closed","template":"","meta":{"ngg_post_thumbnail":0},"yoast_head":"<!-- This site is optimized with the Yoast SEO plugin v15.9 - https:\/\/yoast.com\/wordpress\/plugins\/seo\/ -->\n<meta name=\"robots\" content=\"index, follow, max-snippet:-1, max-image-preview:large, max-video-preview:-1\" \/>\n<link rel=\"canonical\" href=\"https:\/\/www.ubytovaniefatra.sk\/en\/contact-location\/\" \/>\n<meta property=\"og:locale\" content=\"sk_SK\" \/>\n<meta property=\"og:type\" content=\"article\" \/>\n<meta property=\"og:title\" content=\"Contact and Location - Apartm\u00e1n Bellis\" \/>\n<meta property=\"og:description\" content=\"Gabriela Erd\u0151sov\u00e1 Telephone: +421 904 465 597 E-mail: bellis@ubytovaniefatra.sk Address: Hrabovsk\u00e1 dolina 3280\/18 034 01 Ru\u017eomberok Slovakia GPS: Latitude: 49\u00b0 4&#8242; 12.72&#8243; N Llongtitude: 19\u00b0 16&#8242; 15.96&#8243; E\" \/>\n<meta property=\"og:url\" content=\"https:\/\/www.ubytovaniefatra.sk\/en\/contact-location\/\" \/>\n<meta property=\"og:site_name\" content=\"Apartm\u00e1n Bellis\" \/>\n<meta property=\"article:modified_time\" content=\"2014-09-29T10:17:52+00:00\" \/>\n<script type=\"application\/ld+json\" class=\"yoast-schema-graph\">{\"@context\":\"https:\/\/schema.org\",\"@graph\":[{\"@type\":\"WebSite\",\"@id\":\"https:\/\/www.ubytovaniefatra.sk\/en\/#website\",\"url\":\"https:\/\/www.ubytovaniefatra.sk\/en\/\",\"name\":\"Apartm\\u00e1n Bellis\",\"description\":\"\",\"potentialAction\":[{\"@type\":\"SearchAction\",\"target\":\"https:\/\/www.ubytovaniefatra.sk\/en\/?s={search_term_string}\",\"query-input\":\"required name=search_term_string\"}],\"inLanguage\":\"sk-SK\"},{\"@type\":\"WebPage\",\"@id\":\"https:\/\/www.ubytovaniefatra.sk\/en\/contact-location\/#webpage\",\"url\":\"https:\/\/www.ubytovaniefatra.sk\/en\/contact-location\/\",\"name\":\"Contact and Location - Apartm\\u00e1n Bellis\",\"isPartOf\":{\"@id\":\"https:\/\/www.ubytovaniefatra.sk\/en\/#website\"},\"datePublished\":\"2014-09-29T07:58:00+00:00\",\"dateModified\":\"2014-09-29T10:17:52+00:00\",\"breadcrumb\":{\"@id\":\"https:\/\/www.ubytovaniefatra.sk\/en\/contact-location\/#breadcrumb\"},\"inLanguage\":\"sk-SK\",\"potentialAction\":[{\"@type\":\"ReadAction\",\"target\":[\"https:\/\/www.ubytovaniefatra.sk\/en\/contact-location\/\"]}]},{\"@type\":\"BreadcrumbList\",\"@id\":\"https:\/\/www.ubytovaniefatra.sk\/en\/contact-location\/#breadcrumb\",\"itemListElement\":[{\"@type\":\"ListItem\",\"position\":1,\"item\":{\"@type\":\"WebPage\",\"@id\":\"https:\/\/www.ubytovaniefatra.sk\/en\/\",\"url\":\"https:\/\/www.ubytovaniefatra.sk\/en\/\",\"name\":\"Homepage\"}},{\"@type\":\"ListItem\",\"position\":2,\"item\":{\"@type\":\"WebPage\",\"@id\":\"https:\/\/www.ubytovaniefatra.sk\/en\/contact-location\/\",\"url\":\"https:\/\/www.ubytovaniefatra.sk\/en\/contact-location\/\",\"name\":\"Contact and Location\"}}]}]}<\/script>\n<!-- \/ Yoast SEO plugin. -->","_links":{"self":[{"href":"https:\/\/www.ubytovaniefatra.sk\/en\/wp-json\/wp\/v2\/pages\/10"}],"collection":[{"href":"https:\/\/www.ubytovaniefatra.sk\/en\/wp-json\/wp\/v2\/pages"}],"about":[{"href":"https:\/\/www.ubytovaniefatra.sk\/en\/wp-json\/wp\/v2\/types\/page"}],"author":[{"embeddable":true,"href":"https:\/\/www.ubytovaniefatra.sk\/en\/wp-json\/wp\/v2\/users\/1"}],"replies":[{"embeddable":true,"href":"https:\/\/www.ubytovaniefatra.sk\/en\/wp-json\/wp\/v2\/comments?post=10"}],"version-history":[{"count":4,"href":"https:\/\/www.ubytovaniefatra.sk\/en\/wp-json\/wp\/v2\/pages\/10\/revisions"}],"predecessor-version":[{"id":41,"href":"https:\/\/www.ubytovaniefatra.sk\/en\/wp-json\/wp\/v2\/pages\/10\/revisions\/41"}],"wp:attachment":[{"href":"https:\/\/www.ubytovaniefatra.sk\/en\/wp-json\/wp\/v2\/media?parent=10"}],"curies":[{"name":"wp","href":"https:\/\/api.w.org\/{rel}","templated":true}]}}