{"id":6,"date":"2014-09-29T09:55:36","date_gmt":"2014-09-29T07:55:36","guid":{"rendered":"http:\/\/www.ubytovaniefatra.sk\/en\/?page_id=6"},"modified":"2014-09-29T12:24:31","modified_gmt":"2014-09-29T10:24:31","slug":"price-list","status":"publish","type":"page","link":"https:\/\/www.ubytovaniefatra.sk\/en\/price-list\/","title":{"rendered":"Price list"},"content":{"rendered":"<p><strong>News\u00a0:<\/strong><\/p>\n<div class=\"region region-content\">\n<div id=\"block-system-main\" class=\"block block-system\">\n<div class=\"content\">\n<div id=\"node-2\" class=\"node node-page node-full clearfix\">\n<div class=\"content clearfix\">\n<div class=\"field field-name-body field-type-text-with-summary field-label-hidden\">\n<div class=\"field-items\">\n<div class=\"field-item even\">\n<ul>\n<li>massage and sauna in the building<\/li>\n<li>jacuzzi and wellness &#8211; 5 minute walk from the apartment, in apartment house Barbora<\/li>\n<\/ul>\n<p><strong>Discounts:<\/strong><\/p>\n<ul>\n<li><strong>4+1<\/strong> &#8211; Rent the apartment for <strong>4 nights<\/strong>, you get <strong>1 night discount<\/strong>.<\/li>\n<li><strong>5+2<\/strong> &#8211; Rent the apartment for <strong>5 nights<\/strong>, you get<strong> 2 nights discount<\/strong>.<\/li>\n<\/ul>\n<p>&nbsp;<\/p>\n<div class=\"table-responsive\"><table  style=\"width:500px; \"  class=\"easy-table easy-table-default \" border=\"0\">\n<caption>Price list Winter- valid from 3.1.2014 until 1.4.2014<\/caption>\n<thead>\r\n<tr><th  style=\"width:20px;text-align:left\" >2 persons<\/th>\n<th  style=\"width:100px;text-align:left\" >59 \u20ac \/ night<\/th>\n<\/tr>\n<\/thead>\n<tbody>\r\n<tr><td  style=\"text-align:left\" >+ 1 extra bed<\/td>\n<td  style=\"text-align:left\" >10 \u20ac \/ night<\/td>\n<\/tr>\n\r\n<tr><td  style=\"text-align:left\" >child under 6 years<\/td>\n<td  style=\"text-align:left\" >free<\/td>\n<\/tr>\n<\/tbody><\/table><\/div>\n<p>&nbsp;<\/p>\n<p><strong>The price includes:<\/strong><\/p>\n<ul>\n<li>garage parking in the underground garage ( value 6 \u20ac )<\/li>\n<li>free Wifi in the Lobby bar area<\/li>\n<li>residence fee 0,35 \u20ac person\/night for free<\/li>\n<li>ski and bike box free of charge<\/li>\n<\/ul>\n<p>&nbsp;<\/p>\n<div class=\"table-responsive\"><table  style=\"width:500px; \"  class=\"easy-table easy-table-default \" border=\"0\">\n<caption>Not included in the price<\/caption>\n<thead>\r\n<tr><th  style=\"width:20px;text-align:left\" >internet in the room<\/th>\n<th  style=\"width:100px;text-align:left\" >2 \u20ac \/ day<\/th>\n<\/tr>\n<\/thead>\n<tbody><\/tbody><\/table><\/div>\n<\/div>\n<\/div>\n<\/div>\n<\/div>\n<\/div>\n<\/div>\n<\/div>\n<\/div>\n","protected":false},"excerpt":{"rendered":"<p>News\u00a0: massage and sauna in the building jacuzzi and wellness &#8211; 5 minute walk from the apartment, in apartment house Barbora Discounts: 4+1 &#8211; Rent the apartment for 4 nights, you get 1 night discount. 5+2 &#8211; Rent the apartment for 5 nights, you get 2 nights discount. &nbsp; &nbsp; The price includes: garage parking [&hellip;]<\/p>\n","protected":false},"author":1,"featured_media":0,"parent":0,"menu_order":0,"comment_status":"closed","ping_status":"closed","template":"","meta":{"ngg_post_thumbnail":0},"yoast_head":"<!-- This site is optimized with the Yoast SEO plugin v15.9 - https:\/\/yoast.com\/wordpress\/plugins\/seo\/ -->\n<meta name=\"robots\" content=\"index, follow, max-snippet:-1, max-image-preview:large, max-video-preview:-1\" \/>\n<link rel=\"canonical\" href=\"https:\/\/www.ubytovaniefatra.sk\/en\/price-list\/\" \/>\n<meta property=\"og:locale\" content=\"sk_SK\" \/>\n<meta property=\"og:type\" content=\"article\" \/>\n<meta property=\"og:title\" content=\"Price list - Apartm\u00e1n Bellis\" \/>\n<meta property=\"og:description\" content=\"News\u00a0: massage and sauna in the building jacuzzi and wellness &#8211; 5 minute walk from the apartment, in apartment house Barbora Discounts: 4+1 &#8211; Rent the apartment for 4 nights, you get 1 night discount. 5+2 &#8211; Rent the apartment for 5 nights, you get 2 nights discount. &nbsp; &nbsp; The price includes: garage parking [&hellip;]\" \/>\n<meta property=\"og:url\" content=\"https:\/\/www.ubytovaniefatra.sk\/en\/price-list\/\" \/>\n<meta property=\"og:site_name\" content=\"Apartm\u00e1n Bellis\" \/>\n<meta property=\"article:modified_time\" content=\"2014-09-29T10:24:31+00:00\" \/>\n<meta name=\"twitter:label1\" content=\"Predpokladan\u00fd \u010das \u010d\u00edtania\">\n\t<meta name=\"twitter:data1\" content=\"1 min\u00fata\">\n<script type=\"application\/ld+json\" class=\"yoast-schema-graph\">{\"@context\":\"https:\/\/schema.org\",\"@graph\":[{\"@type\":\"WebSite\",\"@id\":\"https:\/\/www.ubytovaniefatra.sk\/en\/#website\",\"url\":\"https:\/\/www.ubytovaniefatra.sk\/en\/\",\"name\":\"Apartm\\u00e1n Bellis\",\"description\":\"\",\"potentialAction\":[{\"@type\":\"SearchAction\",\"target\":\"https:\/\/www.ubytovaniefatra.sk\/en\/?s={search_term_string}\",\"query-input\":\"required name=search_term_string\"}],\"inLanguage\":\"sk-SK\"},{\"@type\":\"WebPage\",\"@id\":\"https:\/\/www.ubytovaniefatra.sk\/en\/price-list\/#webpage\",\"url\":\"https:\/\/www.ubytovaniefatra.sk\/en\/price-list\/\",\"name\":\"Price list - Apartm\\u00e1n Bellis\",\"isPartOf\":{\"@id\":\"https:\/\/www.ubytovaniefatra.sk\/en\/#website\"},\"datePublished\":\"2014-09-29T07:55:36+00:00\",\"dateModified\":\"2014-09-29T10:24:31+00:00\",\"breadcrumb\":{\"@id\":\"https:\/\/www.ubytovaniefatra.sk\/en\/price-list\/#breadcrumb\"},\"inLanguage\":\"sk-SK\",\"potentialAction\":[{\"@type\":\"ReadAction\",\"target\":[\"https:\/\/www.ubytovaniefatra.sk\/en\/price-list\/\"]}]},{\"@type\":\"BreadcrumbList\",\"@id\":\"https:\/\/www.ubytovaniefatra.sk\/en\/price-list\/#breadcrumb\",\"itemListElement\":[{\"@type\":\"ListItem\",\"position\":1,\"item\":{\"@type\":\"WebPage\",\"@id\":\"https:\/\/www.ubytovaniefatra.sk\/en\/\",\"url\":\"https:\/\/www.ubytovaniefatra.sk\/en\/\",\"name\":\"Homepage\"}},{\"@type\":\"ListItem\",\"position\":2,\"item\":{\"@type\":\"WebPage\",\"@id\":\"https:\/\/www.ubytovaniefatra.sk\/en\/price-list\/\",\"url\":\"https:\/\/www.ubytovaniefatra.sk\/en\/price-list\/\",\"name\":\"Price list\"}}]}]}<\/script>\n<!-- \/ Yoast SEO plugin. -->","_links":{"self":[{"href":"https:\/\/www.ubytovaniefatra.sk\/en\/wp-json\/wp\/v2\/pages\/6"}],"collection":[{"href":"https:\/\/www.ubytovaniefatra.sk\/en\/wp-json\/wp\/v2\/pages"}],"about":[{"href":"https:\/\/www.ubytovaniefatra.sk\/en\/wp-json\/wp\/v2\/types\/page"}],"author":[{"embeddable":true,"href":"https:\/\/www.ubytovaniefatra.sk\/en\/wp-json\/wp\/v2\/users\/1"}],"replies":[{"embeddable":true,"href":"https:\/\/www.ubytovaniefatra.sk\/en\/wp-json\/wp\/v2\/comments?post=6"}],"version-history":[{"count":7,"href":"https:\/\/www.ubytovaniefatra.sk\/en\/wp-json\/wp\/v2\/pages\/6\/revisions"}],"predecessor-version":[{"id":47,"href":"https:\/\/www.ubytovaniefatra.sk\/en\/wp-json\/wp\/v2\/pages\/6\/revisions\/47"}],"wp:attachment":[{"href":"https:\/\/www.ubytovaniefatra.sk\/en\/wp-json\/wp\/v2\/media?parent=6"}],"curies":[{"name":"wp","href":"https:\/\/api.w.org\/{rel}","templated":true}]}}