{"id":4,"date":"2014-09-29T09:46:06","date_gmt":"2014-09-29T07:46:06","guid":{"rendered":"http:\/\/www.ubytovaniefatra.sk\/hu\/?page_id=4"},"modified":"2014-09-29T14:03:25","modified_gmt":"2014-09-29T12:03:25","slug":"arlista","status":"publish","type":"page","link":"https:\/\/www.ubytovaniefatra.sk\/hu\/","title":{"rendered":"\u00c1rlista"},"content":{"rendered":"<div class=\"table-responsive\"><table  style=\"width:500px; \"  class=\"easy-table easy-table-default \" border=\"0\">\n<caption>\u00c1rlista t\u00e9l - 2014. janu\u00e1r 3-t\u0151l \u00e9rv\u00e9nyes 2014. \u00e1prilis 1-ig<\/caption>\n<thead>\r\n<tr><th  style=\"width:20px;text-align:left\" >2 szem\u00e9ly<\/th>\n<th  style=\"width:100px;text-align:left\" >59 \u20ac \/ \u00e9j<\/th>\n<\/tr>\n<\/thead>\n<tbody>\r\n<tr><td  style=\"text-align:left\" >+ 1 \u00e1gy<\/td>\n<td  style=\"text-align:left\" >10 \u20ac \/ \u00e9j<\/td>\n<\/tr>\n\r\n<tr><td  style=\"text-align:left\" >6 \u00e9ves kor alatti gyermek<\/td>\n<td  style=\"text-align:left\" >ingyen<\/td>\n<\/tr>\n<\/tbody><\/table><\/div>\n<div class=\"region region-content\">\n<div id=\"block-system-main\" class=\"block block-system\">\n<div class=\"content\">\n<div id=\"node-2\" class=\"node node-page node-full clearfix\">\n<div class=\"content clearfix\">\n<div class=\"field field-name-body field-type-text-with-summary field-label-hidden\">\n<div class=\"field-items\">\n<p><strong>Az \u00e1r tartalmazza:<\/strong><\/p>\n<ul>\n<li>parkol\u00e1s a m\u00e9lygar\u00e1zsban (\u00e9rt\u00e9ke 6 Eur\u00f3)<\/li>\n<li>internet a Lobby B\u00e1r-ban ingyen<\/li>\n<li>\u00dcd\u00fcl\u0151helyi illet\u00e9k 0,35 E. f\u0151 \/ \u00e9j ingyen<\/li>\n<li>s\u00ed-\u00e9s ker\u00e9kp\u00e1r doboz ingyen<\/li>\n<\/ul>\n<div class=\"table-responsive\"><table  style=\"width:500px; \"  class=\"easy-table easy-table-default \" border=\"0\">\n<caption>Az \u00e1r nem tartalmazza<\/caption>\n<thead>\r\n<tr><th  style=\"width:20px;text-align:left\" >Internet a szob\u00e1ban<\/th>\n<th  style=\"width:100px;text-align:left\" >2 \u20ac \/ nap<\/th>\n<\/tr>\n<\/thead>\n<tbody><\/tbody><\/table><\/div>\n<\/div>\n<\/div>\n<\/div>\n<\/div>\n<\/div>\n<\/div>\n<\/div>\n","protected":false},"excerpt":{"rendered":"<p>Az \u00e1r tartalmazza: parkol\u00e1s a m\u00e9lygar\u00e1zsban (\u00e9rt\u00e9ke 6 Eur\u00f3) internet a Lobby B\u00e1r-ban ingyen \u00dcd\u00fcl\u0151helyi illet\u00e9k 0,35 E. f\u0151 \/ \u00e9j ingyen s\u00ed-\u00e9s ker\u00e9kp\u00e1r doboz ingyen<\/p>\n","protected":false},"author":1,"featured_media":0,"parent":0,"menu_order":0,"comment_status":"closed","ping_status":"closed","template":"","meta":{"ngg_post_thumbnail":0},"yoast_head":"<!-- This site is optimized with the Yoast SEO plugin v15.9 - https:\/\/yoast.com\/wordpress\/plugins\/seo\/ -->\n<meta name=\"robots\" content=\"index, follow, max-snippet:-1, max-image-preview:large, max-video-preview:-1\" \/>\n<link rel=\"canonical\" href=\"https:\/\/www.ubytovaniefatra.sk\/hu\/\" \/>\n<meta property=\"og:locale\" content=\"sk_SK\" \/>\n<meta property=\"og:type\" content=\"article\" \/>\n<meta property=\"og:title\" content=\"\u00c1rlista - Apartm\u00e1n Bellis\" \/>\n<meta property=\"og:description\" content=\"Az \u00e1r tartalmazza: parkol\u00e1s a m\u00e9lygar\u00e1zsban (\u00e9rt\u00e9ke 6 Eur\u00f3) internet a Lobby B\u00e1r-ban ingyen \u00dcd\u00fcl\u0151helyi illet\u00e9k 0,35 E. f\u0151 \/ \u00e9j ingyen s\u00ed-\u00e9s ker\u00e9kp\u00e1r doboz ingyen\" \/>\n<meta property=\"og:url\" content=\"https:\/\/www.ubytovaniefatra.sk\/hu\/\" \/>\n<meta property=\"og:site_name\" content=\"Apartm\u00e1n Bellis\" \/>\n<meta property=\"article:modified_time\" content=\"2014-09-29T12:03:25+00:00\" \/>\n<script type=\"application\/ld+json\" class=\"yoast-schema-graph\">{\"@context\":\"https:\/\/schema.org\",\"@graph\":[{\"@type\":\"WebSite\",\"@id\":\"https:\/\/www.ubytovaniefatra.sk\/hu\/#website\",\"url\":\"https:\/\/www.ubytovaniefatra.sk\/hu\/\",\"name\":\"Apartm\\u00e1n Bellis\",\"description\":\"\",\"potentialAction\":[{\"@type\":\"SearchAction\",\"target\":\"https:\/\/www.ubytovaniefatra.sk\/hu\/?s={search_term_string}\",\"query-input\":\"required name=search_term_string\"}],\"inLanguage\":\"sk-SK\"},{\"@type\":\"WebPage\",\"@id\":\"https:\/\/www.ubytovaniefatra.sk\/hu\/#webpage\",\"url\":\"https:\/\/www.ubytovaniefatra.sk\/hu\/\",\"name\":\"\\u00c1rlista - Apartm\\u00e1n Bellis\",\"isPartOf\":{\"@id\":\"https:\/\/www.ubytovaniefatra.sk\/hu\/#website\"},\"datePublished\":\"2014-09-29T07:46:06+00:00\",\"dateModified\":\"2014-09-29T12:03:25+00:00\",\"breadcrumb\":{\"@id\":\"https:\/\/www.ubytovaniefatra.sk\/hu\/#breadcrumb\"},\"inLanguage\":\"sk-SK\",\"potentialAction\":[{\"@type\":\"ReadAction\",\"target\":[\"https:\/\/www.ubytovaniefatra.sk\/hu\/\"]}]},{\"@type\":\"BreadcrumbList\",\"@id\":\"https:\/\/www.ubytovaniefatra.sk\/hu\/#breadcrumb\",\"itemListElement\":[{\"@type\":\"ListItem\",\"position\":1,\"item\":{\"@type\":\"WebPage\",\"@id\":\"https:\/\/www.ubytovaniefatra.sk\/hu\/\",\"url\":\"https:\/\/www.ubytovaniefatra.sk\/hu\/\",\"name\":\"Nyit\\u00f3lap\"}},{\"@type\":\"ListItem\",\"position\":2,\"item\":{\"@type\":\"WebPage\",\"@id\":\"https:\/\/www.ubytovaniefatra.sk\/hu\/\",\"url\":\"https:\/\/www.ubytovaniefatra.sk\/hu\/\",\"name\":\"\\u00c1rlista\"}}]}]}<\/script>\n<!-- \/ Yoast SEO plugin. -->","_links":{"self":[{"href":"https:\/\/www.ubytovaniefatra.sk\/hu\/wp-json\/wp\/v2\/pages\/4"}],"collection":[{"href":"https:\/\/www.ubytovaniefatra.sk\/hu\/wp-json\/wp\/v2\/pages"}],"about":[{"href":"https:\/\/www.ubytovaniefatra.sk\/hu\/wp-json\/wp\/v2\/types\/page"}],"author":[{"embeddable":true,"href":"https:\/\/www.ubytovaniefatra.sk\/hu\/wp-json\/wp\/v2\/users\/1"}],"replies":[{"embeddable":true,"href":"https:\/\/www.ubytovaniefatra.sk\/hu\/wp-json\/wp\/v2\/comments?post=4"}],"version-history":[{"count":7,"href":"https:\/\/www.ubytovaniefatra.sk\/hu\/wp-json\/wp\/v2\/pages\/4\/revisions"}],"predecessor-version":[{"id":34,"href":"https:\/\/www.ubytovaniefatra.sk\/hu\/wp-json\/wp\/v2\/pages\/4\/revisions\/34"}],"wp:attachment":[{"href":"https:\/\/www.ubytovaniefatra.sk\/hu\/wp-json\/wp\/v2\/media?parent=4"}],"curies":[{"name":"wp","href":"https:\/\/api.w.org\/{rel}","templated":true}]}}