{"id":8,"date":"2014-09-29T09:47:45","date_gmt":"2014-09-29T07:47:45","guid":{"rendered":"http:\/\/www.ubytovaniefatra.sk\/hu\/?page_id=8"},"modified":"2014-09-29T14:30:56","modified_gmt":"2014-09-29T12:30:56","slug":"galeria","status":"publish","type":"page","link":"https:\/\/www.ubytovaniefatra.sk\/hu\/galeria\/","title":{"rendered":"Gal\u00e9ria"},"content":{"rendered":"<p><div class=\"ngg-albumoverview\">\n            <div class=\"ngg-album-compact\">\n            <div class=\"ngg-album-compactbox\">\n                <div class=\"ngg-album-link\">\n                                        <a title='Bellis apartm\u00e1n'\n                       href='https:\/\/www.ubytovaniefatra.sk\/hu\/galeria\/nggallery\/photos\/bellis-apartman'>\n                        <img class=\"Thumb\"\n                             alt=\"Bellis apartm\u00e1n\"\n                             src=\"https:\/\/www.ubytovaniefatra.sk\/hu\/wp-content\/uploads\/sites\/4\/nggallery\/bellis-apartman\/cache\/img_0365.jpg-nggid011-ngg0dyn-91x68-00f0w010c011r110f110r010t010.jpg\"\/>\n                    <\/a>\n                                    <\/div>\n            <\/div>\n                        <h4>\n                <a class='ngg-album-desc' title='Bellis apartm\u00e1n'\n                       href='https:\/\/www.ubytovaniefatra.sk\/hu\/galeria\/nggallery\/photos\/bellis-apartman'style=\"max-width: 111px\">Bellis apartm\u00e1n<\/a>\n            <\/h4>\n            <p class=\"ngg-album-gallery-image-counter\">\n                                    <strong>12<\/strong>&nbsp;Fotografie                            <\/p>\n        <\/div>\n            <div class=\"ngg-album-compact\">\n            <div class=\"ngg-album-compactbox\">\n                <div class=\"ngg-album-link\">\n                                        <a title='T\u00e9l'\n                       href='https:\/\/www.ubytovaniefatra.sk\/hu\/galeria\/nggallery\/photos\/tel'>\n                        <img class=\"Thumb\"\n                             alt=\"T\u00e9l\"\n                             src=\"https:\/\/www.ubytovaniefatra.sk\/hu\/wp-content\/uploads\/sites\/4\/nggallery\/tel\/cache\/liptov-zima-01.jpg-nggid0213-ngg0dyn-91x68-00f0w010c011r110f110r010t010.jpg\"\/>\n                    <\/a>\n                                    <\/div>\n            <\/div>\n                        <h4>\n                <a class='ngg-album-desc' title='T\u00e9l'\n                       href='https:\/\/www.ubytovaniefatra.sk\/hu\/galeria\/nggallery\/photos\/tel'style=\"max-width: 111px\">T\u00e9l<\/a>\n            <\/h4>\n            <p class=\"ngg-album-gallery-image-counter\">\n                                    <strong>21<\/strong>&nbsp;Fotografie                            <\/p>\n        <\/div>\n            <div class=\"ngg-album-compact\">\n            <div class=\"ngg-album-compactbox\">\n                <div class=\"ngg-album-link\">\n                                        <a title='Ski Park Ru\u017eomberok'\n                       href='https:\/\/www.ubytovaniefatra.sk\/hu\/galeria\/nggallery\/photos\/ski-park-ruzomberok'>\n                        <img class=\"Thumb\"\n                             alt=\"Ski Park Ru\u017eomberok\"\n                             src=\"https:\/\/www.ubytovaniefatra.sk\/hu\/wp-content\/uploads\/sites\/4\/nggallery\/ski-park-ruzomberok\/cache\/skipark1.jpg-nggid0234-ngg0dyn-91x68-00f0w010c011r110f110r010t010.jpg\"\/>\n                    <\/a>\n                                    <\/div>\n            <\/div>\n                        <h4>\n                <a class='ngg-album-desc' title='Ski Park Ru\u017eomberok'\n                       href='https:\/\/www.ubytovaniefatra.sk\/hu\/galeria\/nggallery\/photos\/ski-park-ruzomberok'style=\"max-width: 111px\">Ski Park Ru\u017eomberok<\/a>\n            <\/h4>\n            <p class=\"ngg-album-gallery-image-counter\">\n                                    <strong>6<\/strong>&nbsp;Fotografie                            <\/p>\n        <\/div>\n            <div class=\"ngg-album-compact\">\n            <div class=\"ngg-album-compactbox\">\n                <div class=\"ngg-album-link\">\n                                        <a title='Malin\u00f4 Brdo'\n                       href='https:\/\/www.ubytovaniefatra.sk\/hu\/galeria\/nggallery\/photos\/malino-brdo'>\n                        <img class=\"Thumb\"\n                             alt=\"Malin\u00f4 Brdo\"\n                             src=\"https:\/\/www.ubytovaniefatra.sk\/hu\/wp-content\/uploads\/sites\/4\/nggallery\/malino-brdo\/cache\/malino-brdo-01.jpg-nggid0240-ngg0dyn-91x68-00f0w010c011r110f110r010t010.jpg\"\/>\n                    <\/a>\n                                    <\/div>\n            <\/div>\n                        <h4>\n                <a class='ngg-album-desc' title='Malin\u00f4 Brdo'\n                       href='https:\/\/www.ubytovaniefatra.sk\/hu\/galeria\/nggallery\/photos\/malino-brdo'style=\"max-width: 111px\">Malin\u00f4 Brdo<\/a>\n            <\/h4>\n            <p class=\"ngg-album-gallery-image-counter\">\n                                    <strong>12<\/strong>&nbsp;Fotografie                            <\/p>\n        <\/div>\n            <div class=\"ngg-album-compact\">\n            <div class=\"ngg-album-compactbox\">\n                <div class=\"ngg-album-link\">\n                                        <a title='Az apartm\u00e1n k\u00f6rny\u00e9ke'\n                       href='https:\/\/www.ubytovaniefatra.sk\/hu\/galeria\/nggallery\/photos\/az-apartman-kornyeke'>\n                        <img class=\"Thumb\"\n                             alt=\"Az apartm\u00e1n k\u00f6rny\u00e9ke\"\n                             src=\"https:\/\/www.ubytovaniefatra.sk\/hu\/wp-content\/uploads\/sites\/4\/nggallery\/az-apartman-kornyeke\/cache\/img_0398.jpg-nggid0252-ngg0dyn-91x68-00f0w010c011r110f110r010t010.jpg\"\/>\n                    <\/a>\n                                    <\/div>\n            <\/div>\n                        <h4>\n                <a class='ngg-album-desc' title='Az apartm\u00e1n k\u00f6rny\u00e9ke'\n                       href='https:\/\/www.ubytovaniefatra.sk\/hu\/galeria\/nggallery\/photos\/az-apartman-kornyeke'style=\"max-width: 111px\">Az apartm\u00e1n k\u00f6rny\u00e9ke<\/a>\n            <\/h4>\n            <p class=\"ngg-album-gallery-image-counter\">\n                                    <strong>18<\/strong>&nbsp;Fotografie                            <\/p>\n        <\/div>\n            <div class=\"ngg-album-compact\">\n            <div class=\"ngg-album-compactbox\">\n                <div class=\"ngg-album-link\">\n                                        <a title='K\u00f6rnyez\u0151 vid\u00e9k'\n                       href='https:\/\/www.ubytovaniefatra.sk\/hu\/galeria\/nggallery\/photos\/kornyezo-videk'>\n                        <img class=\"Thumb\"\n                             alt=\"K\u00f6rnyez\u0151 vid\u00e9k\"\n                             src=\"https:\/\/www.ubytovaniefatra.sk\/hu\/wp-content\/uploads\/sites\/4\/nggallery\/kornyezo-videk\/cache\/img_0413.jpg-nggid0270-ngg0dyn-91x68-00f0w010c011r110f110r010t010.jpg\"\/>\n                    <\/a>\n                                    <\/div>\n            <\/div>\n                        <h4>\n                <a class='ngg-album-desc' title='K\u00f6rnyez\u0151 vid\u00e9k'\n                       href='https:\/\/www.ubytovaniefatra.sk\/hu\/galeria\/nggallery\/photos\/kornyezo-videk'style=\"max-width: 111px\">K\u00f6rnyez\u0151 vid\u00e9k<\/a>\n            <\/h4>\n            <p class=\"ngg-album-gallery-image-counter\">\n                                    <strong>39<\/strong>&nbsp;Fotografie                            <\/p>\n        <\/div>\n            <div class=\"ngg-album-compact\">\n            <div class=\"ngg-album-compactbox\">\n                <div class=\"ngg-album-link\">\n                                        <a title='L\u00e1tnival\u00f3k'\n                       href='https:\/\/www.ubytovaniefatra.sk\/hu\/galeria\/nggallery\/photos\/latnivalok'>\n                        <img class=\"Thumb\"\n                             alt=\"L\u00e1tnival\u00f3k\"\n                             src=\"https:\/\/www.ubytovaniefatra.sk\/hu\/wp-content\/uploads\/sites\/4\/nggallery\/latnivalok\/cache\/aquazorbing.jpg-nggid03109-ngg0dyn-91x68-00f0w010c011r110f110r010t010.jpg\"\/>\n                    <\/a>\n                                    <\/div>\n            <\/div>\n                        <h4>\n                <a class='ngg-album-desc' title='L\u00e1tnival\u00f3k'\n                       href='https:\/\/www.ubytovaniefatra.sk\/hu\/galeria\/nggallery\/photos\/latnivalok'style=\"max-width: 111px\">L\u00e1tnival\u00f3k<\/a>\n            <\/h4>\n            <p class=\"ngg-album-gallery-image-counter\">\n                                    <strong>6<\/strong>&nbsp;Fotografie                            <\/p>\n        <\/div>\n        <br class=\"ngg-clear\"\/>\n    <div class='ngg-clear'><\/div><\/div>\n<\/p>\n","protected":false},"excerpt":{"rendered":"","protected":false},"author":1,"featured_media":0,"parent":0,"menu_order":0,"comment_status":"closed","ping_status":"closed","template":"","meta":{"ngg_post_thumbnail":0},"yoast_head":"<!-- This site is optimized with the Yoast SEO plugin v15.9 - https:\/\/yoast.com\/wordpress\/plugins\/seo\/ -->\n<meta name=\"robots\" content=\"index, follow, max-snippet:-1, max-image-preview:large, max-video-preview:-1\" \/>\n<link rel=\"canonical\" href=\"https:\/\/www.ubytovaniefatra.sk\/hu\/galeria\/\" \/>\n<meta property=\"og:locale\" content=\"sk_SK\" \/>\n<meta property=\"og:type\" content=\"article\" \/>\n<meta property=\"og:title\" content=\"Gal\u00e9ria - Apartm\u00e1n Bellis\" \/>\n<meta property=\"og:url\" content=\"https:\/\/www.ubytovaniefatra.sk\/hu\/galeria\/\" \/>\n<meta property=\"og:site_name\" content=\"Apartm\u00e1n Bellis\" \/>\n<meta property=\"article:modified_time\" content=\"2014-09-29T12:30:56+00:00\" \/>\n<meta property=\"og:image\" content=\"http:\/\/www.ubytovaniefatra.sk\/hu\/nextgen-attach_to_post\/preview\/id--285\" \/>\n<script type=\"application\/ld+json\" class=\"yoast-schema-graph\">{\"@context\":\"https:\/\/schema.org\",\"@graph\":[{\"@type\":\"WebSite\",\"@id\":\"https:\/\/www.ubytovaniefatra.sk\/hu\/#website\",\"url\":\"https:\/\/www.ubytovaniefatra.sk\/hu\/\",\"name\":\"Apartm\\u00e1n Bellis\",\"description\":\"\",\"potentialAction\":[{\"@type\":\"SearchAction\",\"target\":\"https:\/\/www.ubytovaniefatra.sk\/hu\/?s={search_term_string}\",\"query-input\":\"required name=search_term_string\"}],\"inLanguage\":\"sk-SK\"},{\"@type\":\"ImageObject\",\"@id\":\"https:\/\/www.ubytovaniefatra.sk\/hu\/galeria\/#primaryimage\",\"inLanguage\":\"sk-SK\",\"url\":\"http:\/\/www.ubytovaniefatra.sk\/hu\/nextgen-attach_to_post\/preview\/id--285\"},{\"@type\":\"WebPage\",\"@id\":\"https:\/\/www.ubytovaniefatra.sk\/hu\/galeria\/#webpage\",\"url\":\"https:\/\/www.ubytovaniefatra.sk\/hu\/galeria\/\",\"name\":\"Gal\\u00e9ria - Apartm\\u00e1n Bellis\",\"isPartOf\":{\"@id\":\"https:\/\/www.ubytovaniefatra.sk\/hu\/#website\"},\"primaryImageOfPage\":{\"@id\":\"https:\/\/www.ubytovaniefatra.sk\/hu\/galeria\/#primaryimage\"},\"datePublished\":\"2014-09-29T07:47:45+00:00\",\"dateModified\":\"2014-09-29T12:30:56+00:00\",\"breadcrumb\":{\"@id\":\"https:\/\/www.ubytovaniefatra.sk\/hu\/galeria\/#breadcrumb\"},\"inLanguage\":\"sk-SK\",\"potentialAction\":[{\"@type\":\"ReadAction\",\"target\":[\"https:\/\/www.ubytovaniefatra.sk\/hu\/galeria\/\"]}]},{\"@type\":\"BreadcrumbList\",\"@id\":\"https:\/\/www.ubytovaniefatra.sk\/hu\/galeria\/#breadcrumb\",\"itemListElement\":[{\"@type\":\"ListItem\",\"position\":1,\"item\":{\"@type\":\"WebPage\",\"@id\":\"https:\/\/www.ubytovaniefatra.sk\/hu\/\",\"url\":\"https:\/\/www.ubytovaniefatra.sk\/hu\/\",\"name\":\"Nyit\\u00f3lap\"}},{\"@type\":\"ListItem\",\"position\":2,\"item\":{\"@type\":\"WebPage\",\"@id\":\"https:\/\/www.ubytovaniefatra.sk\/hu\/galeria\/\",\"url\":\"https:\/\/www.ubytovaniefatra.sk\/hu\/galeria\/\",\"name\":\"Gal\\u00e9ria\"}}]}]}<\/script>\n<!-- \/ Yoast SEO plugin. -->","_links":{"self":[{"href":"https:\/\/www.ubytovaniefatra.sk\/hu\/wp-json\/wp\/v2\/pages\/8"}],"collection":[{"href":"https:\/\/www.ubytovaniefatra.sk\/hu\/wp-json\/wp\/v2\/pages"}],"about":[{"href":"https:\/\/www.ubytovaniefatra.sk\/hu\/wp-json\/wp\/v2\/types\/page"}],"author":[{"embeddable":true,"href":"https:\/\/www.ubytovaniefatra.sk\/hu\/wp-json\/wp\/v2\/users\/1"}],"replies":[{"embeddable":true,"href":"https:\/\/www.ubytovaniefatra.sk\/hu\/wp-json\/wp\/v2\/comments?post=8"}],"version-history":[{"count":4,"href":"https:\/\/www.ubytovaniefatra.sk\/hu\/wp-json\/wp\/v2\/pages\/8\/revisions"}],"predecessor-version":[{"id":286,"href":"https:\/\/www.ubytovaniefatra.sk\/hu\/wp-json\/wp\/v2\/pages\/8\/revisions\/286"}],"wp:attachment":[{"href":"https:\/\/www.ubytovaniefatra.sk\/hu\/wp-json\/wp\/v2\/media?parent=8"}],"curies":[{"name":"wp","href":"https:\/\/api.w.org\/{rel}","templated":true}]}}